{"id":447,"date":"2025-08-18T13:40:17","date_gmt":"2025-08-18T13:40:17","guid":{"rendered":"https:\/\/7d.baldessano.roccati.edu.it\/?page_id=447"},"modified":"2025-08-20T15:05:46","modified_gmt":"2025-08-20T15:05:46","slug":"la-storia-della-7d","status":"publish","type":"page","link":"https:\/\/7d.baldessano.roccati.edu.it\/?page_id=447","title":{"rendered":"LA STORIA DELLA 7D"},"content":{"rendered":"<p>&nbsp;<\/p>\n<p><span style=\"color: #f7f2f2;\"><img loading=\"lazy\" decoding=\"async\" class=\"wp-image-213 size-large aligncenter\" src=\"https:\/\/7d.baldessano.roccati.edu.it\/wp-content\/uploads\/2019\/07\/maschera-3bisbiancodefinitivo-1024x569.jpg\" alt=\"\" width=\"525\" height=\"292\" srcset=\"https:\/\/7d.baldessano.roccati.edu.it\/wp-content\/uploads\/2019\/07\/maschera-3bisbiancodefinitivo-1024x569.jpg 1024w, https:\/\/7d.baldessano.roccati.edu.it\/wp-content\/uploads\/2019\/07\/maschera-3bisbiancodefinitivo-300x167.jpg 300w, https:\/\/7d.baldessano.roccati.edu.it\/wp-content\/uploads\/2019\/07\/maschera-3bisbiancodefinitivo-768x427.jpg 768w, https:\/\/7d.baldessano.roccati.edu.it\/wp-content\/uploads\/2019\/07\/maschera-3bisbiancodefinitivo-1536x853.jpg 1536w, https:\/\/7d.baldessano.roccati.edu.it\/wp-content\/uploads\/2019\/07\/maschera-3bisbiancodefinitivo-2048x1138.jpg 2048w\" sizes=\"auto, (max-width: 525px) 100vw, 525px\" \/><\/span><\/p>\n<p class=\"font_8\"><span style=\"color: #f7f2f2;\">l&#8217;IISS Baldessano Roccati di Carmagnola (TO) ha una tradizione trentennale nel settore teatrale: annuali laboratori di recitazione e spettacoli finali, abbonamenti serali e diurni alle principali rassegne teatrali di Torino e provincia, corsi di storia del teatro, viaggi di studio a Siracusa per assistere agli spettacoli di teatro classico, e cos\u00ec via. Quello che mancava era per\u00f2 una compagnia degli studenti e degli ex allievi.<\/span><\/p>\n<p class=\"font_8\"><span style=\"color: #f7f2f2;\"><strong>&nbsp;Il 7 dicembre del 2011 \u00e8 nata anche quella<\/strong>. Da qui il nome <strong>\u201c7D\u201d<\/strong> dato alla Compagnia Teatrale Baldessano Roccati.<\/span><\/p>\n<p class=\"font_8\"><span style=\"color: #f7f2f2;\">Tuttavia&nbsp; \u201c7D\u201d non \u00e8 solo una data: essa assomma anche la volont\u00e0 dei ragazzi e degli insegnanti di lavorare con Divertimento, Disciplina, Didattica, Disponibilit\u00e0, Determinazione, Drammaturgia, Documentazione.<\/span><\/p>\n<p class=\"font_8\"><span style=\"color: #f7f2f2;\">Infatti, accanto al pi\u00f9 tradiziona<span style=\"font-size: 1rem;\">le Laboratorio Teatrale, realizzato con la&nbsp; collaborazione dell\u2019attrice e coach professionista Ivana Cravero, sono nati anche il Laboratorio di Drammaturgia e quello di Scenografia e Costumistica coordinati da due docenti specializzate rispettivamente in drammaturgia e in scenografia. Tutti i laboratori hanno luogo di pomeriggio, fuori dall\u2019orario scolastico, nelle aule o nel teatro della scuola.<\/span><\/span><\/p>\n<p><span style=\"color: #f7f2f2;\"><img loading=\"lazy\" decoding=\"async\" class=\"size-medium wp-image-327 aligncenter\" style=\"font-size: 1rem;\" src=\"https:\/\/7d.baldessano.roccati.edu.it\/wp-content\/uploads\/teatro\/2018\/08\/loghi-300x190.jpg\" alt=\"\" width=\"300\" height=\"190\" srcset=\"https:\/\/7d.baldessano.roccati.edu.it\/wp-content\/uploads\/teatro\/2018\/08\/loghi-300x190.jpg 300w, https:\/\/7d.baldessano.roccati.edu.it\/wp-content\/uploads\/teatro\/2018\/08\/loghi-1024x649.jpg 1024w, https:\/\/7d.baldessano.roccati.edu.it\/wp-content\/uploads\/teatro\/2018\/08\/loghi-768x487.jpg 768w, https:\/\/7d.baldessano.roccati.edu.it\/wp-content\/uploads\/teatro\/2018\/08\/loghi-1536x974.jpg 1536w, https:\/\/7d.baldessano.roccati.edu.it\/wp-content\/uploads\/teatro\/2018\/08\/loghi-2048x1298.jpg 2048w\" sizes=\"auto, (max-width: 300px) 100vw, 300px\" \/><\/span><\/p>\n<p class=\"font_8\"><span style=\"color: #f7f2f2;\">I primi a partire a settembre sono i drammaturghi, ma solo dopo alcune riunioni plenarie in cui, di comune accordo, si decidono testo, temi e stile. Ci si documenta e si scrive, anche in sinergia con gli attori che iniziano a lavorare sull\u2019embrione del loro personaggio. Il testo \u00e8 pronto per gennaio, al rientro dalle vacanze natalizie. Da questo momento si inizia a lavorare sulle parti e si realizzano i costumi e le scenografie. I ragazzi recitano, tagliano, cuciono, dipingono con grande seriet\u00e0 e professionalit\u00e0, pur divertendosi e imparando a collaborare gli uni con gli altri. E poi creano i fogli di sala, scrivono articoli per i giornali e molto altro ancora.&nbsp; A fine maggio si va in scena con lo spettacolo su tre serate.<\/span><\/p>\n<p class=\"font_8\"><span class=\"color_17\" style=\"color: #f7f2f2;\">L\u2019obiettivo di questo impegnativo percorso \u00e8 quello di trasmettere l\u2019amore per il teatro e per la bellezza; \u00e8 quello di insegnare come si mette in piedi uno spettacolo dalla A alla Z; \u00e8 quello di far ragionare su temi di attualit\u00e0 importanti; soprattutto \u00e8 quello di portare tanti giovani a vivere la scuola come un luogo di ritrovo piacevole e sano, che pu\u00f2 condurre a una grande crescita personale. I ragazzi, di provenienza, estrazione sociale, confessione, et\u00e0 e sesso diversi, lavorano insieme, condividono, si conoscono e crescono come artisti e soprattutto come persone e come cittadini responsabili.<\/span><\/p>\n<p class=\"font_8\"><span class=\"color_17\" style=\"color: #f7f2f2;\">E imparano a conoscere e a fare bellezza.<\/span><\/p>\n","protected":false},"excerpt":{"rendered":"<p>&nbsp; l&#8217;IISS Baldessano Roccati di Carmagnola (TO) ha una tradizione trentennale nel settore teatrale: annuali laboratori di recitazione e spettacoli finali, abbonamenti serali e diurni alle principali rassegne teatrali di Torino e provincia, corsi di storia del teatro, viaggi di studio a Siracusa per assistere agli spettacoli di teatro classico, e cos\u00ec via. Quello che &hellip; <\/p>\n<p class=\"link-more\"><a href=\"https:\/\/7d.baldessano.roccati.edu.it\/?page_id=447\" class=\"more-link\">Continue reading<span class=\"screen-reader-text\"> &#8220;LA STORIA DELLA 7D&#8221;<\/span><\/a><\/p>\n","protected":false},"author":2,"featured_media":0,"parent":0,"menu_order":0,"comment_status":"closed","ping_status":"closed","template":"","meta":{"ngg_post_thumbnail":0,"footnotes":""},"class_list":["post-447","page","type-page","status-publish","hentry"],"_links":{"self":[{"href":"https:\/\/7d.baldessano.roccati.edu.it\/index.php?rest_route=\/wp\/v2\/pages\/447","targetHints":{"allow":["GET"]}}],"collection":[{"href":"https:\/\/7d.baldessano.roccati.edu.it\/index.php?rest_route=\/wp\/v2\/pages"}],"about":[{"href":"https:\/\/7d.baldessano.roccati.edu.it\/index.php?rest_route=\/wp\/v2\/types\/page"}],"author":[{"embeddable":true,"href":"https:\/\/7d.baldessano.roccati.edu.it\/index.php?rest_route=\/wp\/v2\/users\/2"}],"replies":[{"embeddable":true,"href":"https:\/\/7d.baldessano.roccati.edu.it\/index.php?rest_route=%2Fwp%2Fv2%2Fcomments&post=447"}],"version-history":[{"count":8,"href":"https:\/\/7d.baldessano.roccati.edu.it\/index.php?rest_route=\/wp\/v2\/pages\/447\/revisions"}],"predecessor-version":[{"id":2789,"href":"https:\/\/7d.baldessano.roccati.edu.it\/index.php?rest_route=\/wp\/v2\/pages\/447\/revisions\/2789"}],"wp:attachment":[{"href":"https:\/\/7d.baldessano.roccati.edu.it\/index.php?rest_route=%2Fwp%2Fv2%2Fmedia&parent=447"}],"curies":[{"name":"wp","href":"https:\/\/api.w.org\/{rel}","templated":true}]}}