{"id":435,"date":"2025-08-18T13:37:02","date_gmt":"2025-08-18T13:37:02","guid":{"rendered":"https:\/\/7d.baldessano.roccati.edu.it\/?page_id=435"},"modified":"2025-09-01T14:38:58","modified_gmt":"2025-09-01T14:38:58","slug":"spettacoli-di-fine-anno","status":"publish","type":"page","link":"https:\/\/7d.baldessano.roccati.edu.it\/?page_id=435","title":{"rendered":"SPETTACOLI DI FINE ANNO"},"content":{"rendered":"<p><span style=\"color: #000000;\">Dal 2013 la Compagnia Teatrale Baldessano Roccati ha portato in scena 12 spettacoli. Ogni anno sono stati coinvolti da 25 a 50 ragazzi divisi tra scrittori, attori, scenografi e tecnici. Grande apporto negli ultimi anni \u00e8 stato quello dato dal gruppo degli ex allievi della Compagnia del Buon Teatraccio di Carmagnola, che hanno costituito una loro compagnia teatrale autonoma ma continuano a collaborare con il vecchio gruppo scolastico.<\/span><\/p>\n<p>&nbsp;<\/p>\n<h5><span style=\"font-size: 24pt;\">2025 &#8211; ELEONORA DUSE (RIEVOCAZIONE PRESSO IL COMUNE DI CARMAGNOLA)<\/span><\/h5>\n<p><img loading=\"lazy\" decoding=\"async\" class=\"aligncenter wp-image-304 size-full\" src=\"https:\/\/7d.baldessano.roccati.edu.it\/wp-content\/uploads\/2024\/11\/foto4.jpg\" alt=\"\" width=\"900\" height=\"900\" srcset=\"https:\/\/7d.baldessano.roccati.edu.it\/wp-content\/uploads\/2024\/11\/foto4.jpg 900w, https:\/\/7d.baldessano.roccati.edu.it\/wp-content\/uploads\/2024\/11\/foto4-300x300.jpg 300w, https:\/\/7d.baldessano.roccati.edu.it\/wp-content\/uploads\/2024\/11\/foto4-150x150.jpg 150w, https:\/\/7d.baldessano.roccati.edu.it\/wp-content\/uploads\/2024\/11\/foto4-768x768.jpg 768w\" sizes=\"auto, (max-width: 900px) 100vw, 900px\" \/><\/p>\n<h5><span style=\"font-size: 24pt;\">2025 &#8211; ODISSEA NEXT GEN<\/span><\/h5>\n<p><span style=\"color: #000000;\"><img loading=\"lazy\" decoding=\"async\" class=\"aligncenter wp-image-2358 size-large\" src=\"https:\/\/7d.baldessano.roccati.edu.it\/wp-content\/uploads\/2025\/08\/20250523_203018-1024x577.jpg\" alt=\"\" width=\"525\" height=\"296\" srcset=\"https:\/\/7d.baldessano.roccati.edu.it\/wp-content\/uploads\/2025\/08\/20250523_203018-1024x577.jpg 1024w, https:\/\/7d.baldessano.roccati.edu.it\/wp-content\/uploads\/2025\/08\/20250523_203018-300x169.jpg 300w, https:\/\/7d.baldessano.roccati.edu.it\/wp-content\/uploads\/2025\/08\/20250523_203018-768x432.jpg 768w, https:\/\/7d.baldessano.roccati.edu.it\/wp-content\/uploads\/2025\/08\/20250523_203018-1536x865.jpg 1536w, https:\/\/7d.baldessano.roccati.edu.it\/wp-content\/uploads\/2025\/08\/20250523_203018-2048x1153.jpg 2048w\" sizes=\"auto, (max-width: 525px) 100vw, 525px\" \/><\/span><\/p>\n<h5><span style=\"font-size: 24pt;\">2024 &#8211; Rievocazione storica (il Bussone nell&#8217;Adelchi)<\/span><\/h5>\n<p><img loading=\"lazy\" decoding=\"async\" class=\"wp-image-380 size-full aligncenter\" src=\"https:\/\/7d.baldessano.roccati.edu.it\/wp-content\/uploads\/teatro\/2023\/11\/20231111_202559.jpg\" alt=\"\" width=\"640\" height=\"299\" srcset=\"https:\/\/7d.baldessano.roccati.edu.it\/wp-content\/uploads\/teatro\/2023\/11\/20231111_202559.jpg 640w, https:\/\/7d.baldessano.roccati.edu.it\/wp-content\/uploads\/teatro\/2023\/11\/20231111_202559-300x140.jpg 300w\" sizes=\"auto, (max-width: 640px) 100vw, 640px\" \/><\/p>\n<h5><span style=\"font-size: 24pt;\">2024 &#8211; Amore impuro, Passione folle<\/span><\/h5>\n<p><img loading=\"lazy\" decoding=\"async\" class=\"aligncenter wp-image-391 size-full\" src=\"https:\/\/7d.baldessano.roccati.edu.it\/wp-content\/uploads\/teatro\/2024\/05\/20240525_201930bis-scaled.jpg\" alt=\"\" width=\"2560\" height=\"1441\" srcset=\"https:\/\/7d.baldessano.roccati.edu.it\/wp-content\/uploads\/teatro\/2024\/05\/20240525_201930bis-scaled.jpg 2560w, https:\/\/7d.baldessano.roccati.edu.it\/wp-content\/uploads\/teatro\/2024\/05\/20240525_201930bis-300x169.jpg 300w, https:\/\/7d.baldessano.roccati.edu.it\/wp-content\/uploads\/teatro\/2024\/05\/20240525_201930bis-1024x577.jpg 1024w, https:\/\/7d.baldessano.roccati.edu.it\/wp-content\/uploads\/teatro\/2024\/05\/20240525_201930bis-768x432.jpg 768w, https:\/\/7d.baldessano.roccati.edu.it\/wp-content\/uploads\/teatro\/2024\/05\/20240525_201930bis-1536x865.jpg 1536w, https:\/\/7d.baldessano.roccati.edu.it\/wp-content\/uploads\/teatro\/2024\/05\/20240525_201930bis-2048x1153.jpg 2048w\" sizes=\"auto, (max-width: 2560px) 100vw, 2560px\" \/><\/p>\n<h5>&nbsp;<\/h5>\n<h5><span style=\"font-size: 24pt;\">2023 &#8211; Il ballo delle pazze<\/span><\/h5>\n<h5 style=\"text-align: left;\"><img loading=\"lazy\" decoding=\"async\" class=\"aligncenter wp-image-253 size-large\" src=\"https:\/\/7d.baldessano.roccati.edu.it\/wp-content\/uploads\/2023\/04\/IMG-20230520-WA0010-1024x577.jpg\" alt=\"\" width=\"525\" height=\"296\" srcset=\"https:\/\/7d.baldessano.roccati.edu.it\/wp-content\/uploads\/2023\/04\/IMG-20230520-WA0010-1024x577.jpg 1024w, https:\/\/7d.baldessano.roccati.edu.it\/wp-content\/uploads\/2023\/04\/IMG-20230520-WA0010-300x169.jpg 300w, https:\/\/7d.baldessano.roccati.edu.it\/wp-content\/uploads\/2023\/04\/IMG-20230520-WA0010-768x432.jpg 768w, https:\/\/7d.baldessano.roccati.edu.it\/wp-content\/uploads\/2023\/04\/IMG-20230520-WA0010-1536x865.jpg 1536w, https:\/\/7d.baldessano.roccati.edu.it\/wp-content\/uploads\/2023\/04\/IMG-20230520-WA0010.jpg 2000w\" sizes=\"auto, (max-width: 525px) 100vw, 525px\" \/><span style=\"color: #ffffff;\"><strong>&#8216;<\/strong><\/span><\/h5>\n<h5 style=\"text-align: left;\"><span style=\"font-size: 24pt;\">2022 &#8211; La notte delle comparse<\/span><\/h5>\n<p><img loading=\"lazy\" decoding=\"async\" class=\"wp-image-249 size-large aligncenter\" src=\"https:\/\/7d.baldessano.roccati.edu.it\/wp-content\/uploads\/2022\/04\/IMG-20220524-WA0005-1-1024x576.jpg\" alt=\"\" width=\"525\" height=\"295\" srcset=\"https:\/\/7d.baldessano.roccati.edu.it\/wp-content\/uploads\/2022\/04\/IMG-20220524-WA0005-1-1024x576.jpg 1024w, https:\/\/7d.baldessano.roccati.edu.it\/wp-content\/uploads\/2022\/04\/IMG-20220524-WA0005-1-300x169.jpg 300w, https:\/\/7d.baldessano.roccati.edu.it\/wp-content\/uploads\/2022\/04\/IMG-20220524-WA0005-1-768x432.jpg 768w, https:\/\/7d.baldessano.roccati.edu.it\/wp-content\/uploads\/2022\/04\/IMG-20220524-WA0005-1-1536x864.jpg 1536w, https:\/\/7d.baldessano.roccati.edu.it\/wp-content\/uploads\/2022\/04\/IMG-20220524-WA0005-1.jpg 1600w\" sizes=\"auto, (max-width: 525px) 100vw, 525px\" \/><\/p>\n<h5><span style=\"font-size: 24pt; font-weight: 800; letter-spacing: 0.15em; text-transform: uppercase;\">2019 &#8211; La bisbetica domata&#8230; ma non troppo<\/span><\/h5>\n<div id=\"WRchTxte\" class=\"txtNew\" data-packed=\"true\">\n<p><img loading=\"lazy\" decoding=\"async\" class=\"wp-image-2346 size-full aligncenter\" src=\"https:\/\/7d.baldessano.roccati.edu.it\/wp-content\/uploads\/2025\/08\/IMG_8726-1-1024x683-1.jpg\" alt=\"\" width=\"1024\" height=\"683\" srcset=\"https:\/\/7d.baldessano.roccati.edu.it\/wp-content\/uploads\/2025\/08\/IMG_8726-1-1024x683-1.jpg 1024w, https:\/\/7d.baldessano.roccati.edu.it\/wp-content\/uploads\/2025\/08\/IMG_8726-1-1024x683-1-300x200.jpg 300w, https:\/\/7d.baldessano.roccati.edu.it\/wp-content\/uploads\/2025\/08\/IMG_8726-1-1024x683-1-768x512.jpg 768w\" sizes=\"auto, (max-width: 1024px) 100vw, 1024px\" \/><\/p>\n<p>Tratto dall&#8217;omonimo capolavoro shakespeariano, la commedia si avvale di una regia scarna e di una scenografia inesistente, che avvalora la recitazione degli attori. L&#8217;obiettivo \u00e8 insinuare il dubbio: la bisbetica \u00e8 davvero domata oppure no?<\/p>\n<\/div>\n<div id=\"comp-jhs0ppkj\" class=\"txtNew\" data-packed=\"true\">\n<h5 class=\"font_5\"><span style=\"font-size: 24pt;\">2018 &#8211; HOTEL OLYMPUS<\/span><\/h5>\n<p><img loading=\"lazy\" decoding=\"async\" class=\"aligncenter wp-image-2347 size-full\" style=\"font-size: 1rem;\" src=\"https:\/\/7d.baldessano.roccati.edu.it\/wp-content\/uploads\/2025\/08\/IMG_8963.JPG-1024x683-1.jpg\" alt=\"\" width=\"1024\" height=\"683\" srcset=\"https:\/\/7d.baldessano.roccati.edu.it\/wp-content\/uploads\/2025\/08\/IMG_8963.JPG-1024x683-1.jpg 1024w, https:\/\/7d.baldessano.roccati.edu.it\/wp-content\/uploads\/2025\/08\/IMG_8963.JPG-1024x683-1-300x200.jpg 300w, https:\/\/7d.baldessano.roccati.edu.it\/wp-content\/uploads\/2025\/08\/IMG_8963.JPG-1024x683-1-768x512.jpg 768w\" sizes=\"auto, (max-width: 1024px) 100vw, 1024px\" \/><\/p>\n<\/div>\n<div id=\"comp-jhs0q7m6\" class=\"txtNew\" data-packed=\"true\">\n<p class=\"font_2\">Gli dei dell&#8217;Olimpo si trovano ai giorni nostri a vivere in un fatiscente Hotel, un po&#8217; datato e con parecchi problemi di convivenza. In altre parole, si sono riciclati: Demetra fa la cuoca, Ares la guardia giurata e Afrodite scrive romanzi erotico-sentimentali&#8230; Ma ben presto nuove divinit\u00e0 moderne prenderanno il sopravvento e solo un&#8217;idea &#8220;speciale&#8221; potr\u00e0 riportare tutto alla normalit\u00e0.<\/p>\n<\/div>\n<div id=\"comp-j3ahc95p\" class=\"txtNew\" data-packed=\"true\">\n<h5 class=\"font_5\"><span style=\"font-size: 24pt;\">2017 &#8211; CRAZY SHAKESPEARE &#8211; Matti in una notte di mezza estate<\/span><\/h5>\n<\/div>\n<div id=\"comp-j3ahc95q\" class=\"txtNew\" data-packed=\"true\">\n<p><img loading=\"lazy\" decoding=\"async\" class=\"aligncenter wp-image-2350 size-full\" src=\"https:\/\/7d.baldessano.roccati.edu.it\/wp-content\/uploads\/2025\/08\/18664234_1736508843032796_608510190793770247_n.jpg\" alt=\"\" width=\"960\" height=\"655\" srcset=\"https:\/\/7d.baldessano.roccati.edu.it\/wp-content\/uploads\/2025\/08\/18664234_1736508843032796_608510190793770247_n.jpg 960w, https:\/\/7d.baldessano.roccati.edu.it\/wp-content\/uploads\/2025\/08\/18664234_1736508843032796_608510190793770247_n-300x205.jpg 300w, https:\/\/7d.baldessano.roccati.edu.it\/wp-content\/uploads\/2025\/08\/18664234_1736508843032796_608510190793770247_n-768x524.jpg 768w\" sizes=\"auto, (max-width: 960px) 100vw, 960px\" \/><\/p>\n<p class=\"font_8\">Ti ricordi \u201cSogno di una notte di mezza estate\u201d di William Shakespeare? Beh, le tre coppie di innamorati ci sono; il padre padrone c\u2019\u00e8;&nbsp; Puck, Oberon, Titania, le fatine e i folletti ci sono; la compagnia teatrale per le nozze di Teseo e Ippolita c\u2019\u00e8\u2026 Insomma, c\u2019\u00e8 tutto.&nbsp; Solo un po\u2019 diverso, alla maniera della 7D.<\/p>\n<p class=\"font_8\">Quello che c\u2019\u00e8 di sicuro \u00e8 una riflessione sulle relazioni umane, sull\u2019amore e sulle prove a cui la vita sottopone i suoi figli.&nbsp;Come a dire che, tra una risata e l\u2019altra, qualche pugno nello stomaco arriver\u00e0. Piccolo magari, ma arriver\u00e0.<\/p>\n<p class=\"font_8\">Ed \u00e8 giusto che sia cos\u00ec, perch\u00e9 il teatro \u00e8 cos\u00ec.&nbsp;I nostri ragazzi ci parlano di cose importanti con il loro linguaggio. Con quello di Shakespeare. Con quello delle emozioni.<\/p>\n<\/div>\n<div id=\"comp-inht35ve\" class=\"txtNew\" data-packed=\"true\">\n<h5>&nbsp;<\/h5>\n<h5 class=\"font_5\"><span style=\"font-size: 24pt;\">2016 &#8211; La locanda<\/span><\/h5>\n<p><img loading=\"lazy\" decoding=\"async\" class=\"aligncenter wp-image-2351 size-full\" src=\"https:\/\/7d.baldessano.roccati.edu.it\/wp-content\/uploads\/2025\/08\/locanda31-1024x683-1.jpg\" alt=\"\" width=\"1024\" height=\"683\" srcset=\"https:\/\/7d.baldessano.roccati.edu.it\/wp-content\/uploads\/2025\/08\/locanda31-1024x683-1.jpg 1024w, https:\/\/7d.baldessano.roccati.edu.it\/wp-content\/uploads\/2025\/08\/locanda31-1024x683-1-300x200.jpg 300w, https:\/\/7d.baldessano.roccati.edu.it\/wp-content\/uploads\/2025\/08\/locanda31-1024x683-1-768x512.jpg 768w\" sizes=\"auto, (max-width: 1024px) 100vw, 1024px\" \/><\/p>\n<\/div>\n<div id=\"comp-inht35vf\" class=\"txtNew\" data-packed=\"true\">\n<p class=\"font_8\">Una bufera, molte persone diversissime tra loro e stranissime per giunta&nbsp;chiuse in una locanda in balia di un locandiere a cui piacciono le belle donne e di uno spietato assassino&#8230; una liberissima reinterpretazione di &#8220;Trappola per topi&#8221; di Agatha Christie e tanto divertimento!<\/p>\n<\/div>\n<div id=\"WRchTxth\" class=\"txtNew\" data-packed=\"true\">\n<div id=\"WRchTxti\" class=\"txtNew\" data-packed=\"true\">\n<h5>&nbsp;<\/h5>\n<h5 class=\"font_8\"><span style=\"font-size: 24pt;\">2015 &#8211; TRASHTHON<\/span><\/h5>\n<p><img loading=\"lazy\" decoding=\"async\" class=\"aligncenter wp-image-2353 size-full\" style=\"font-size: 1rem;\" src=\"https:\/\/7d.baldessano.roccati.edu.it\/wp-content\/uploads\/2025\/08\/11377281_10204344499081347_7289564496120810769_n-1.jpg\" alt=\"\" width=\"960\" height=\"540\" srcset=\"https:\/\/7d.baldessano.roccati.edu.it\/wp-content\/uploads\/2025\/08\/11377281_10204344499081347_7289564496120810769_n-1.jpg 960w, https:\/\/7d.baldessano.roccati.edu.it\/wp-content\/uploads\/2025\/08\/11377281_10204344499081347_7289564496120810769_n-1-300x169.jpg 300w, https:\/\/7d.baldessano.roccati.edu.it\/wp-content\/uploads\/2025\/08\/11377281_10204344499081347_7289564496120810769_n-1-768x432.jpg 768w\" sizes=\"auto, (max-width: 960px) 100vw, 960px\" \/><\/p>\n<\/div>\n<\/div>\n<div id=\"WRchTxtk\" class=\"txtNew\" data-packed=\"true\">\n<p class=\"font_8\">Una grande maratona, in cui il pubblico sar\u00e0 coinvolto completamente! Una denuncia alla Tv spazzatura e agli artisti che si vendono per fare odiens!<\/p>\n<\/div>\n<div id=\"WRchTxtj\" class=\"txtNew\" data-packed=\"true\">\n<h5>&nbsp;<\/h5>\n<h5 class=\"font_5\"><span style=\"font-size: 24pt;\">2014 &#8211;&nbsp;Chi ha ucciso Amanda P?<\/span><\/h5>\n<p><img loading=\"lazy\" decoding=\"async\" class=\"aligncenter wp-image-2352 size-full\" style=\"font-size: 1rem;\" src=\"https:\/\/7d.baldessano.roccati.edu.it\/wp-content\/uploads\/2025\/08\/DSC6748-1024x683-1.jpg\" alt=\"\" width=\"1024\" height=\"683\" srcset=\"https:\/\/7d.baldessano.roccati.edu.it\/wp-content\/uploads\/2025\/08\/DSC6748-1024x683-1.jpg 1024w, https:\/\/7d.baldessano.roccati.edu.it\/wp-content\/uploads\/2025\/08\/DSC6748-1024x683-1-300x200.jpg 300w, https:\/\/7d.baldessano.roccati.edu.it\/wp-content\/uploads\/2025\/08\/DSC6748-1024x683-1-768x512.jpg 768w\" sizes=\"auto, (max-width: 1024px) 100vw, 1024px\" \/><\/p>\n<\/div>\n<div id=\"WRchTxti\" class=\"txtNew\" data-packed=\"true\">\n<p class=\"font_8\">\u201cChi ha ucciso Amanda P?\u201d \u00e8 un giallo dalle fortissime tinte grottesche. La storia, inedita, \u00e8 ambientata in un piccolo quartiere americano, borghese e perbenista, dove tutti sanno tutto di tutti: una specie di Peyton Place dei giorni nostri, in cui si cerca di nascondere i propri difetti scoprendo quelli degli altri. Tutto comincia con la morte di Amanda Perkinson\u2026<\/p>\n<h5 class=\"font_5\"><span style=\"font-size: 24pt;\">2013 &#8230;<\/span><\/h5>\n<p class=\"font_8\"><strong><span style=\"font-size: 14pt;\">BUON COMPLEANNO VERDI!&nbsp;<\/span><\/strong>&#8211; Un omaggio al grande compositore in occasione dell&#8217;anniversario della sua nascita.<\/p>\n<p><img loading=\"lazy\" decoding=\"async\" class=\"size-medium wp-image-2355 aligncenter\" src=\"https:\/\/7d.baldessano.roccati.edu.it\/wp-content\/uploads\/2025\/08\/verdi02-1-203x300.jpg\" alt=\"\" width=\"203\" height=\"300\" srcset=\"https:\/\/7d.baldessano.roccati.edu.it\/wp-content\/uploads\/2025\/08\/verdi02-1-203x300.jpg 203w, https:\/\/7d.baldessano.roccati.edu.it\/wp-content\/uploads\/2025\/08\/verdi02-1.jpg 432w\" sizes=\"auto, (max-width: 203px) 100vw, 203px\" \/><\/p>\n<p class=\"font_8\"><span style=\"font-size: 14pt;\"><strong>CHE PESTE CHE SEI!<\/strong><\/span> &#8211; Spettacolo itinerante sull&#8217;epidemia di peste che colp\u00ec Carmagnola nel 1600<\/p>\n<p><img loading=\"lazy\" decoding=\"async\" class=\"aligncenter wp-image-2354 size-full\" src=\"https:\/\/7d.baldessano.roccati.edu.it\/wp-content\/uploads\/2025\/08\/10168218_855323874484635_3322705929304422568_n-1.jpg\" alt=\"\" width=\"960\" height=\"640\" srcset=\"https:\/\/7d.baldessano.roccati.edu.it\/wp-content\/uploads\/2025\/08\/10168218_855323874484635_3322705929304422568_n-1.jpg 960w, https:\/\/7d.baldessano.roccati.edu.it\/wp-content\/uploads\/2025\/08\/10168218_855323874484635_3322705929304422568_n-1-300x200.jpg 300w, https:\/\/7d.baldessano.roccati.edu.it\/wp-content\/uploads\/2025\/08\/10168218_855323874484635_3322705929304422568_n-1-768x512.jpg 768w\" sizes=\"auto, (max-width: 960px) 100vw, 960px\" \/><\/p>\n<\/div>\n<h5>&nbsp;<\/h5>\n<h5 class=\"font_5\"><span style=\"font-size: 24pt;\">2013 &#8211; Divino Kaos<\/span><\/h5>\n<h5 class=\"font_5\"><span style=\"font-size: 24pt;\"><img loading=\"lazy\" decoding=\"async\" class=\"aligncenter wp-image-2349 size-full\" src=\"https:\/\/7d.baldessano.roccati.edu.it\/wp-content\/uploads\/2025\/08\/S20.jpg\" alt=\"\" width=\"960\" height=\"640\" srcset=\"https:\/\/7d.baldessano.roccati.edu.it\/wp-content\/uploads\/2025\/08\/S20.jpg 960w, https:\/\/7d.baldessano.roccati.edu.it\/wp-content\/uploads\/2025\/08\/S20-300x200.jpg 300w, https:\/\/7d.baldessano.roccati.edu.it\/wp-content\/uploads\/2025\/08\/S20-768x512.jpg 768w\" sizes=\"auto, (max-width: 960px) 100vw, 960px\" \/><\/span><\/h5>\n<p class=\"font_8\">\u201cDivino Kaos\u201d \u00e8 uno spettacolo sulla crisi moderna dove i personaggi della Divina Commedia si fanno portavoce di un disagio, di un problema, di un aspetto dell\u2019odierno malessere sociale attraverso il linguaggio giovanile un po\u2019 sberciato e molte punte umoristiche che sdrammatizzano ma, sul finale di ogni scena, portano anche a riflettere con grande seriet\u00e0.<\/p>\n<div id=\"WRchTxte\" class=\"txtNew\" data-packed=\"true\">\n<h5 class=\"font_5\"><span style=\"font-size: 24pt;\">2012 &#8211; Memorie dal convento<\/span><img loading=\"lazy\" decoding=\"async\" class=\"aligncenter wp-image-2356 size-full\" src=\"https:\/\/7d.baldessano.roccati.edu.it\/wp-content\/uploads\/2025\/08\/541992_469875019696191_126299333_n-1.jpg\" alt=\"\" width=\"960\" height=\"640\" srcset=\"https:\/\/7d.baldessano.roccati.edu.it\/wp-content\/uploads\/2025\/08\/541992_469875019696191_126299333_n-1.jpg 960w, https:\/\/7d.baldessano.roccati.edu.it\/wp-content\/uploads\/2025\/08\/541992_469875019696191_126299333_n-1-300x200.jpg 300w, https:\/\/7d.baldessano.roccati.edu.it\/wp-content\/uploads\/2025\/08\/541992_469875019696191_126299333_n-1-768x512.jpg 768w\" sizes=\"auto, (max-width: 960px) 100vw, 960px\" \/><\/h5>\n<\/div>\n<div id=\"WRchTxtf\" class=\"txtNew\" data-packed=\"true\">\n<p class=\"font_8\">\u201cMemorie dal convento\u201d porta in scena una tragica vera storia d\u2019amore della Carmagnola del XXIII secolo e nasce dall\u2019esigenza di coniugare il sapore antico della tradizione storica con una dimensione cinematografica di alta suggestione visiva e uditiva, il tutto immerso in una trasgressione gotico-surreale piuttosto evidente.<\/p>\n<\/div>\n<div id=\"WRchTxtg\" class=\"txtNew\" data-packed=\"true\">\n<h5>&nbsp;<\/h5>\n<\/div>\n<div id=\"WRchTxtk\" class=\"txtNew\" data-packed=\"true\">\n<p>&nbsp;<\/p>\n<\/div>\n","protected":false},"excerpt":{"rendered":"<p>Dal 2013 la Compagnia Teatrale Baldessano Roccati ha portato in scena 12 spettacoli. Ogni anno sono stati coinvolti da 25 a 50 ragazzi divisi tra scrittori, attori, scenografi e tecnici. Grande apporto negli ultimi anni \u00e8 stato quello dato dal gruppo degli ex allievi della Compagnia del Buon Teatraccio di Carmagnola, che hanno costituito una &hellip; <\/p>\n<p class=\"link-more\"><a href=\"https:\/\/7d.baldessano.roccati.edu.it\/?page_id=435\" class=\"more-link\">Continue reading<span class=\"screen-reader-text\"> &#8220;SPETTACOLI DI FINE ANNO&#8221;<\/span><\/a><\/p>\n","protected":false},"author":2,"featured_media":0,"parent":0,"menu_order":0,"comment_status":"closed","ping_status":"closed","template":"","meta":{"ngg_post_thumbnail":0,"footnotes":""},"class_list":["post-435","page","type-page","status-publish","hentry"],"_links":{"self":[{"href":"https:\/\/7d.baldessano.roccati.edu.it\/index.php?rest_route=\/wp\/v2\/pages\/435","targetHints":{"allow":["GET"]}}],"collection":[{"href":"https:\/\/7d.baldessano.roccati.edu.it\/index.php?rest_route=\/wp\/v2\/pages"}],"about":[{"href":"https:\/\/7d.baldessano.roccati.edu.it\/index.php?rest_route=\/wp\/v2\/types\/page"}],"author":[{"embeddable":true,"href":"https:\/\/7d.baldessano.roccati.edu.it\/index.php?rest_route=\/wp\/v2\/users\/2"}],"replies":[{"embeddable":true,"href":"https:\/\/7d.baldessano.roccati.edu.it\/index.php?rest_route=%2Fwp%2Fv2%2Fcomments&post=435"}],"version-history":[{"count":23,"href":"https:\/\/7d.baldessano.roccati.edu.it\/index.php?rest_route=\/wp\/v2\/pages\/435\/revisions"}],"predecessor-version":[{"id":3024,"href":"https:\/\/7d.baldessano.roccati.edu.it\/index.php?rest_route=\/wp\/v2\/pages\/435\/revisions\/3024"}],"wp:attachment":[{"href":"https:\/\/7d.baldessano.roccati.edu.it\/index.php?rest_route=%2Fwp%2Fv2%2Fmedia&parent=435"}],"curies":[{"name":"wp","href":"https:\/\/api.w.org\/{rel}","templated":true}]}}