{"id":431,"date":"2025-08-18T13:36:28","date_gmt":"2025-08-18T13:36:28","guid":{"rendered":"https:\/\/7d.baldessano.roccati.edu.it\/?page_id=431"},"modified":"2025-08-20T15:39:34","modified_gmt":"2025-08-20T15:39:34","slug":"drammaturgia","status":"publish","type":"page","link":"https:\/\/7d.baldessano.roccati.edu.it\/?page_id=431","title":{"rendered":"DRAMMATURGIA"},"content":{"rendered":"<p dir=\"ltr\"><img loading=\"lazy\" decoding=\"async\" class=\"size-medium wp-image-315 alignleft\" src=\"https:\/\/7d.baldessano.roccati.edu.it\/wp-content\/uploads\/teatro\/2018\/07\/lettura-testo-169x300.jpg\" alt=\"\" width=\"169\" height=\"300\" srcset=\"https:\/\/7d.baldessano.roccati.edu.it\/wp-content\/uploads\/teatro\/2018\/07\/lettura-testo-169x300.jpg 169w, https:\/\/7d.baldessano.roccati.edu.it\/wp-content\/uploads\/teatro\/2018\/07\/lettura-testo.jpg 540w\" sizes=\"auto, (max-width: 169px) 100vw, 169px\" \/><\/p>\n<p class=\"font_8\" dir=\"ltr\"><span style=\"color: #f7f0f0;\">La peculiarit\u00e0 del nostro Laboratorio \u00e8 proprio quella di poter disporre ogni anno di un testo inedito scritto da un piccolo gruppo di studenti appassionati di scrittura o da un docente. I giovani drammaturghi sono affiancati dalla loro docente, che, vista la sua esperienza nel settore, li avvia e li segue lungo le strade della scrittura teatrale.<\/span><\/p>\n<p class=\"font_8\" dir=\"ltr\"><span style=\"color: #f7f0f0;\">Durante i primi incontri autunnali, si individua&nbsp;l&#8217;idea (o tema )&nbsp;e si scrive una breve&nbsp;trama.<\/span><\/p>\n<p class=\"font_8\" dir=\"ltr\"><span style=\"color: #f7f0f0;\">Su di essa vengono poi elaborati&nbsp;la sinossi&nbsp;(che contiene il riassunto dei principali avvenimenti), il&nbsp;soggetto&nbsp;vero e proprio e la&nbsp;scaletta&nbsp;degli atti e delle scene.<\/span><\/p>\n<p class=\"font_8\" dir=\"ltr\"><span style=\"color: #f7f0f0;\">A questo punto si procede con il trattamento (o prima stesura), cio\u00e8 le scene vengono elaborate in modo pi\u00f9 complesso e si comincia a lavorare sul profilo dei personaggi.<\/span><\/p>\n<p><span style=\"color: #f7f0f0;\">Quando per ogni personaggio o gruppo di personaggi \u00e8 stata costruita una scheda esaustiva dei caratteri fisici, comportamentali, sociali e culturali, si passa alla stesura del&nbsp;copione&nbsp;definitivo.<\/span><\/p>\n<p class=\"font_8\" dir=\"ltr\"><span style=\"color: #f7f0f0;\">Il testo subisce di solito le opportune modifiche durante i primi approcci con gli attori: per questo, dal 2014, nel mese di novembre si fa gi\u00e0 la lettura a tavolino del copione con scrittori e attori e vengono impostati i personaggi.<\/span><\/p>\n<p class=\"font_8\" dir=\"ltr\"><span style=\"color: #f7f0f0;\">La stesura del testo teatrale prevede anche che i giovani scrittori si documentino a 360 gradi, attingendo idee da altre opere teatrali, dal cinema, dalla letteratura e anche dall&#8217;attualit\u00e0; molto importante \u00e8 l&#8217;approccio visivo, con la ricerca di immagini che creino la giusta suggestione per ricostruire opportunamente gli ambienti in cui i personaggi andranno a svilupparsi.<\/span><\/p>\n<p dir=\"ltr\"><span style=\"color: #f7f0f0;\">Negli ultimi anni il testo \u00e8 stato composto dalla professoressa Cravero, che o ha riadattato un classico oppure lo ha scritto ex novo. Sempre per\u00f2 lo ha sottoposto alla revisione del team e del gruppo dei ragazzi, affinch\u00e9 tutti potessero dare il loro importante contributo.<\/span><\/p>\n<p dir=\"ltr\"><span style=\"color: #f7f0f0;\">Per il futuro&#8230; vedremo! \ud83d\ude42<\/span><\/p>\n","protected":false},"excerpt":{"rendered":"<p>La peculiarit\u00e0 del nostro Laboratorio \u00e8 proprio quella di poter disporre ogni anno di un testo inedito scritto da un piccolo gruppo di studenti appassionati di scrittura o da un docente. I giovani drammaturghi sono affiancati dalla loro docente, che, vista la sua esperienza nel settore, li avvia e li segue lungo le strade della &hellip; <\/p>\n<p class=\"link-more\"><a href=\"https:\/\/7d.baldessano.roccati.edu.it\/?page_id=431\" class=\"more-link\">Continue reading<span class=\"screen-reader-text\"> &#8220;DRAMMATURGIA&#8221;<\/span><\/a><\/p>\n","protected":false},"author":2,"featured_media":0,"parent":0,"menu_order":0,"comment_status":"closed","ping_status":"closed","template":"","meta":{"ngg_post_thumbnail":0,"footnotes":""},"class_list":["post-431","page","type-page","status-publish","hentry"],"_links":{"self":[{"href":"https:\/\/7d.baldessano.roccati.edu.it\/index.php?rest_route=\/wp\/v2\/pages\/431","targetHints":{"allow":["GET"]}}],"collection":[{"href":"https:\/\/7d.baldessano.roccati.edu.it\/index.php?rest_route=\/wp\/v2\/pages"}],"about":[{"href":"https:\/\/7d.baldessano.roccati.edu.it\/index.php?rest_route=\/wp\/v2\/types\/page"}],"author":[{"embeddable":true,"href":"https:\/\/7d.baldessano.roccati.edu.it\/index.php?rest_route=\/wp\/v2\/users\/2"}],"replies":[{"embeddable":true,"href":"https:\/\/7d.baldessano.roccati.edu.it\/index.php?rest_route=%2Fwp%2Fv2%2Fcomments&post=431"}],"version-history":[{"count":4,"href":"https:\/\/7d.baldessano.roccati.edu.it\/index.php?rest_route=\/wp\/v2\/pages\/431\/revisions"}],"predecessor-version":[{"id":2812,"href":"https:\/\/7d.baldessano.roccati.edu.it\/index.php?rest_route=\/wp\/v2\/pages\/431\/revisions\/2812"}],"wp:attachment":[{"href":"https:\/\/7d.baldessano.roccati.edu.it\/index.php?rest_route=%2Fwp%2Fv2%2Fmedia&parent=431"}],"curies":[{"name":"wp","href":"https:\/\/api.w.org\/{rel}","templated":true}]}}